{"id":145,"date":"2021-07-16T17:53:37","date_gmt":"2021-07-16T15:53:37","guid":{"rendered":"https:\/\/blog.mathematik.uni-kl.de\/?page_id=145"},"modified":"2023-01-11T18:43:00","modified_gmt":"2023-01-11T17:43:00","slug":"datenschutzerklaerung","status":"publish","type":"page","link":"https:\/\/blog.math.rptu.de\/index.php\/datenschutzerklaerung\/","title":{"rendered":"Datenschutzerkl\u00e4rung"},"content":{"rendered":"\n<p><strong>I. Geltungsbereich<\/strong><\/p>\n\n\n\n<p>Die folgende Datenschutzerkl\u00e4rung bezieht sich auf das Web-Angebot von blog.mathematik.uni-kl.de. F\u00fcr Inhalte anderer Anbieter, auf die z.B. \u00fcber Links verwiesen wird, gelten gegebenenfalls andere Bedingungen als in dieser Datenschutzerkl\u00e4rung beschrieben.&nbsp;<\/p>\n\n\n\n<p><strong>II. Kontaktdaten des Verantwortlichen<\/strong><\/p>\n\n\n\n<p>Verantwortlich f\u00fcr die Verarbeitung Ihrer personenbezogenen Daten ist der<\/p>\n\n\n\n<p>Fachbereich Mathematik<br>Rheinland-Pf\u00e4lzische Technische Universit\u00e4t Kaiserslautern-Landau<br>Gottlieb-Daimler-Stra\u00dfe 48<br>67663 Kaiserslautern<br>Tel: +49 (0)631\/205-2251<br>Fax: +49 (0)631\/205-4427<br>E-Mail: <a href=\"mailto:dekanat@math.rptu.de\">dekanat(at)math.rptu.de<\/a><\/p>\n\n\n\n<p><strong>III. Kontaktdaten des Datenschutzbeauftragten<\/strong><\/p>\n\n\n\n<p>Unseren Datenschutzbeauftragten erreichen Sie per Telefon +49 631 205-4434 oder per E-Mail: <a href=\"mailto:datenschutz@uni-kl.de\">datenschutz(at)uni-kl.de<\/a><\/p>\n\n\n\n<p>Die Postanschrift ist:<br>Rheinland-Pf\u00e4lzische Technische Universit\u00e4t Kaiserslautern-Landau<br>Der Datenschutzbeauftragte<br>Postfach 3049<br>67653 Kaiserslautern<\/p>\n\n\n\n<p><strong>IV. Webanalyse<\/strong><\/p>\n\n\n\n<p>Wir benutzen keine Webanalyse-Tools.<\/p>\n\n\n\n<p><strong>V. Kontaktformulare und E-Mail-Kontakt<\/strong><\/p>\n\n\n\n<p>Auf den Internetseiten der RPTU gibt es Kontaktformulare, welche f\u00fcr die elektronische Kontaktaufnahme genutzt werden k\u00f6nnen. Nimmt ein Nutzer diese M\u00f6glichkeit wahr, so werden die in der Eingabemaske eingegeben Daten an uns \u00fcbermittelt und gespeichert. F\u00fcr die Verarbeitung der Daten wird im Rahmen des Absendevorgangs Ihre Einwilligung eingeholt und auf diese Datenschutzerkl\u00e4rung verwiesen.<\/p>\n\n\n\n<p>Alternativ ist eine Kontaktaufnahme \u00fcber die bereitgestellte E-Mail-Adresse m\u00f6glich. In diesem Fall werden die mit der E-Mail \u00fcbermittelten personenbezogenen Daten des Nutzers gespeichert.<br>Es erfolgt in diesem Zusammenhang keine Weitergabe der Daten an Dritte.<br>Rechtsgrundlage f\u00fcr die Verarbeitung der Daten ist bei Vorliegen einer Einwilligung des Nutzers Art. 6 Abs. 1 lit. a DSGVO.<\/p>\n\n\n\n<p>Rechtsgrundlage f\u00fcr die Verarbeitung der Daten, die im Zuge einer \u00dcbersendung einer E-Mail \u00fcbermittelt werden, ist Art. 6 Abs. 1 lit. f DSGVO. Zielt der E-Mail-Kontakt auf den Abschluss eines Vertrages ab, so ist die Rechtsgrundlage f\u00fcr diese Verarbeitung Art. 6 Abs. 1 lit. b DSGVO.<\/p>\n\n\n\n<p>Diese Daten werden ausschlie\u00dflich f\u00fcr die Verarbeitung der Konversation verwendet. Die Daten werden gel\u00f6scht, sobald sie f\u00fcr die Erreichung des Zweckes ihrer Erhebung nicht mehr erforderlich sind. F\u00fcr die personenbezogenen Daten aus der Eingabemaske des Kontaktformulars und diejenigen, die per E-Mail \u00fcbersandt wurden, ist dies dann der Fall, wenn die jeweilige Konversation mit dem Nutzer beendet ist.<br>Der Nutzer hat jederzeit die M\u00f6glichkeit, seine Einwilligung zur Verarbeitung der personenbezogenen Daten zu widerrufen. Nimmt der Nutzer per E-Mail Kontakt mit uns auf, so kann er der Speicherung seiner personenbezogenen Daten jederzeit widersprechen. In einem solchen Fall kann die Konversation nicht fortgef\u00fchrt werden. Sie k\u00f6nnen den Widerruf Ihrer Einwilligung und den Widerspruch der Speicherung \u00fcber das Kontaktformular oder per E-Mail vornehmen. Alle personenbezogenen Daten, die im Zuge der Kontaktaufnahme gespeichert wurden, werden in diesem Fall gel\u00f6scht.<\/p>\n\n\n\n<p><strong>VI. Cookies<\/strong><\/p>\n\n\n\n<p>Beim Aufruf einzelner Seiten k\u00f6nnen Cookies verwendet werden, die f\u00fcr die Funktionalit\u00e4t unseres Content Management Systems ben\u00f6tigt werden (z.B. f\u00fcr passwortgesch\u00fctzte Seiten und Formulare). Einige Elemente unserer Internetseite erfordern es, dass der aufrufende Browser auch nach einem Seitenwechsel identifiziert werden kann.<br>Diese technisch notwendigen Cookies werden nicht zur Erstellung von Nutzerprofilen verwendet und werden i.d.R. nach dem Schlie\u00dfen Ihres Browsers gel\u00f6scht.<br>Durch die Einstellungen in Ihrem Internetbrowser k\u00f6nnen Sie die Speicherung von Cookies auf ihrem System deaktivieren oder einschr\u00e4nken. Bereits gespeicherte Cookies k\u00f6nnen jederzeit gel\u00f6scht werden. Werden Cookies f\u00fcr unsere Website deaktiviert oder gel\u00f6scht, k\u00f6nnen m\u00f6glicherweise nicht mehr alle Funktionen der Website vollumf\u00e4nglich genutzt werden.<\/p>\n\n\n\n<p><strong>VII. Bereitstellung der Website und Erstellung von Logfiles<\/strong><\/p>\n\n\n\n<p>Bei jedem Aufruf und Nutzung unserer Internetseite werden automatisiert Daten und Informationen in den Protokolldateien unserer Server erfasst. Diese Erhebung ist zur Sicherstellung eines ordnungsgem\u00e4\u00dfen Betriebs, zur Fehlererkennung und zur Erkennung von Angriffen und St\u00f6rungen unseres Webangebots erforderlich.<br>Folgende Daten werden beim Zugriff erhoben (Zugriffslogs):<\/p>\n\n\n\n<ul class=\"wp-block-list\">\n<li>Datum und Uhrzeit des Zugriffs<\/li>\n\n\n\n<li>besuchte Webseite<\/li>\n\n\n\n<li>referenzierende Webseite<\/li>\n\n\n\n<li>Browserkonfiguration<\/li>\n<\/ul>\n\n\n\n<p>Folgende Daten werden bei einer Fehlermeldung erhoben (Fehlerlogs):&nbsp;<\/p>\n\n\n\n<ul class=\"wp-block-list\">\n<li>Datum und Uhrzeit des Zugriffs<\/li>\n\n\n\n<li>Art des Fehlers<\/li>\n\n\n\n<li>URL der aufgerufenen Webseite und ggf. der referenzierenden Webseite<\/li>\n\n\n\n<li>IP-Adresse des Nutzers<\/li>\n\n\n\n<li>Benutzername im Falle eines Authentifizierungsfehlers bei passwortgesch\u00fctzten Webseiten<\/li>\n<\/ul>\n\n\n\n<p>Eine Speicherung dieser Daten zusammen mit anderen personenbezogenen Daten des Nutzers finden nicht statt. Rechtsgrundlage f\u00fcr die vor\u00fcbergehende Speicherung der Daten in den Logfiles ist Art. 6 Abs. 1 lit. e i.V.m. Art. 6 Abs. 3 lit. b DSGVO i.V.m. \u00a7 3 LDSG. Die Fehlerlogs werden ausschlie\u00dflich zur Identifizierung und Behebung technischer Fehler verwendet. Die Daten werden gel\u00f6scht, sobald sie f\u00fcr die Erreichung des Zweckes ihrer Erhebung nicht mehr erforderlich sind. Im Falle der Erfassung der Daten zur Bereitstellung der Website ist dies der Fall, wenn die jeweilige Sitzung beendet ist. Im Falle der Speicherung der Daten in Logfiles ist dies nach sieben Tagen der Fall.<\/p>\n\n\n\n<p><strong>VIII. Allgemeines zur Datenverarbeitung<\/strong><\/p>\n\n\n\n<p>Wir verarbeiten personenbezogene Daten unserer Nutzer grunds\u00e4tzlich nur, soweit dies zur Bereitstellung einer funktionsf\u00e4higen Website sowie unserer Inhalte und Leistungen erforderlich ist.<\/p>\n\n\n\n<p><strong>M\u00f6gliche Rechtsgrundlagen der Verarbeitung<\/strong><\/p>\n\n\n\n<p>Rechtsgrundlage ist Art. 6 Abs. 1 lit. a DSGVO, wenn die Datenverarbeitung der RPTU aufgrund Ihrer Einwilligung als betroffene Person erfolgt.<\/p>\n\n\n\n<p>Bei der Verarbeitung von personenbezogenen Daten, die zur Erf\u00fcllung eines Vertrages, dessen Vertragspartei die betroffene Person ist, erforderlich ist, dient Art. 6 Abs. 1 lit. b DSGVO als Rechtsgrundlage. Dies gilt auch f\u00fcr Verarbeitungsvorg\u00e4nge, die zur Durchf\u00fchrung vorvertraglicher Ma\u00dfnahmen erforderlich sind.<\/p>\n\n\n\n<p>Soweit eine Verarbeitung personenbezogener Daten zur Erf\u00fcllung einer rechtlichen Verpflichtung erforderlich ist, der die RPTU unterliegt, dient Art. 6 Abs. 1 Satz 1 lit. c i.V.m. Art. 6 Abs. 3 lit. b DSGVO i.V.m. \u00a7 3 LDSG als Rechtsgrundlage.<\/p>\n\n\n\n<p>F\u00fcr den Fall, dass lebenswichtige Interessen der betroffenen Person oder einer anderen nat\u00fcrlichen Person eine Verarbeitung personenbezogener Daten erforderlich machen, dient Art. 6 Abs. 1 lit. d DSGVO als Rechtsgrundlage.<\/p>\n\n\n\n<p>Ist die Verarbeitung zur Wahrnehmung einer Aufgabe der RPTU, die im \u00f6ffentlichen Interesse liegt oder in Aus\u00fcbung \u00f6ffentlicher Gewalt erfolgt, erforderlich, so dient Art. 6 Abs. 1 lit. e i.V.m. Art. 6 Abs. 3 lit. b DSGVO i.V.m. \u00a7 3 LDSG als Rechtsgrundlage f\u00fcr die Verarbeitung.<\/p>\n\n\n\n<p>Ist die Verarbeitung zur Wahrung eines berechtigten Interesses der RPTU oder eines Dritten erforderlich und \u00fcberwiegen die Interessen, Grundrechte und Grundfreiheiten des Betroffenen das erstgenannte Interesse nicht, so dient Art. 6 Abs. 1 lit. f DSGVO als Rechtsgrundlage f\u00fcr die Verarbeitung; es sei denn, dass die RPTU bei der entsprechenden Verarbeitung hoheitlich t\u00e4tig wird.<\/p>\n\n\n\n<p><strong>Empf\u00e4nger der personenbezogenen Daten<\/strong><\/p>\n\n\n\n<p>Ihre personenbezogenen Daten werden grunds\u00e4tzlich nicht an andere Stellen oder Personen weitergegeben, es sei denn, gesetzliche Regelungen schreiben dies vor.<\/p>\n\n\n\n<p><strong>Speicherdauer<\/strong><\/p>\n\n\n\n<p>Die personenbezogenen Daten werden bis zum Abschluss der Verarbeitung gespeichert. Sie werden unverz\u00fcglich gel\u00f6scht, wenn der angegebene Zweck erreicht bzw. das betroffene Verfahren abgeschlossen ist und keine Archivierungspflicht besteht. Eine Speicherung kann dar\u00fcber hinaus erfolgen, wenn dies durch den europ\u00e4ischen oder nationalen Gesetzgeber in unionsrechtlichen Verordnungen, Gesetzen oder sonstigen Vorschriften, denen der Verantwortliche unterliegt, vorgesehen wurde. Eine Sperrung oder L\u00f6schung der Daten erfolgt auch dann, wenn eine durch die genannten Normen vorgeschriebene Speicherfrist abl\u00e4uft.<\/p>\n\n\n\n<p><strong>IX. Rechte der betroffenen Person<\/strong><\/p>\n\n\n\n<p>Jede von einer Datenverarbeitung betroffene Person hat nach DSGVO insbesondere folgende Rechte:<\/p>\n\n\n\n<ul class=\"wp-block-list\">\n<li>Recht auf Auskunft \u00fcber die zu Ihrer Person gespeicherten personenbezogenen Daten und deren Verarbeitung (Art. 15 DSGVO).<\/li>\n\n\n\n<li>Recht auf Berichtigung, soweit Sie betreffende Daten unrichtig oder unvollst\u00e4ndig sind (Art. 16 DSGVO).<\/li>\n\n\n\n<li>Recht aus L\u00f6schung der zu ihrer Person gespeicherten Daten, soweit eine der Voraussetzungen nach Art. 17 DSGVO zutrifft. Das Recht auf L\u00f6schung nach Art. 17 Abs. 1 und 2 DSGVO besteht jedoch unter anderem dann nicht, wenn die Verarbeitung personenbezogener Daten erforderlich ist zur Wahrnehmung einer Aufgabe, die im \u00f6ffentlichen Interesse liegt oder in Aus\u00fcbung \u00f6ffentlicher Gewalt erfolgt (Art. 17 Abs. 3 lit. b DSGVO).<\/li>\n\n\n\n<li>Recht auf Einschr\u00e4nkung der Verarbeitung, insbesondere soweit die Richtigkeit der Daten bestritten wird, f\u00fcr die Dauer der \u00dcberpr\u00fcfung der Richtigkeit, wenn die Daten unrechtm\u00e4\u00dfig verarbeitet werden, die betroffene Person aber statt der L\u00f6schung die Einschr\u00e4nkung der Verarbeitung verlangt, wenn die betroffene Person die Daten zur Geltendmachung oder Aus\u00fcbung von Rechtsanspr\u00fcchen oder zur Verteidigung gegen solche ben\u00f6tigt und die Daten deshalb nicht gel\u00f6scht werden k\u00f6nnen, oder wenn bei einem Widerspruch nach Art. 21 noch nicht feststeht, ob die berechtigten Interessen des Verantwortlichen gegen\u00fcber denen der betroffenen Person \u00fcberwiegen (Art. 18 DS-GVO).<\/li>\n\n\n\n<li>Recht auf Widerspruch gegen die Verarbeitung personenbezogener Daten aus pers\u00f6nlichen Gr\u00fcnden, soweit kein zwingendes \u00f6ffentliches Interesse an der Verarbeitung besteht, das die Interessen, Rechte und Freiheiten der betroffenen Person \u00fcberwiegt, oder die Verarbeitung der Geltendmachung, Aus\u00fcbung oder Verteidigung von Rechtsanspr\u00fcchen (Art. 21 DSGVO) dient.<\/li>\n<\/ul>\n\n\n\n<p><strong>Widerrufsrecht bei einer Einwilligung<\/strong><\/p>\n\n\n\n<p>Sie haben das Recht, Ihre Einwilligung jederzeit zu widerrufen. Der Widerruf wirkt erst f\u00fcr die Zukunft; das hei\u00dft, durch den Widerruf wird die Rechtm\u00e4\u00dfigkeit der aufgrund der Einwilligung bis zum Widerruf erfolgten Verarbeitung nicht ber\u00fchrt.<\/p>\n\n\n\n<p><strong>X. Recht auf Beschwerde bei der Aufsichtsbeh\u00f6rde<\/strong><\/p>\n\n\n\n<p>Sie haben das Recht auf Beschwerde beim Landesbeauftragten f\u00fcr den Datenschutz und die Informationsfreiheit Rheinland-Pfalz, wenn sie der Ansicht sind, dass ihre personenbezogenen Daten von der RPTU rechtswidrig verarbeitet werden.<br><br>Postanschrift:<br><br>Der Landesbeauftragte f\u00fcr den Datenschutz und die Informationsfreiheit Rheinland-Pfalz<br>Postfach 3040<br>55020 Mainz<br>Website: <a rel=\"noreferrer noopener\" href=\"https:\/\/www.datenschutz.rlp.de\" target=\"_blank\">https:\/\/www.datenschutz.rlp.de<\/a><\/p>\n\n\n\n<p><strong>XI. \u00c4nderungen der Datenschutzerkl\u00e4rung<\/strong><\/p>\n\n\n\n<p>Um den aktuellen rechtlichen Anforderungen und technischen \u00c4nderungen Rechnung zu tragen sowie um unsere Dienstleistungen und Angebote datenschutzkonform umzusetzen, behalten wir uns vor, diese Datenschutzerkl\u00e4rung regelm\u00e4\u00dfig zu aktualisieren. Aktueller Stand ist Januar 2023.<\/p>\n","protected":false},"excerpt":{"rendered":"<p>I. Geltungsbereich Die folgende Datenschutzerkl\u00e4rung bezieht sich auf das Web-Angebot von blog.mathematik.uni-kl.de. F\u00fcr Inhalte anderer Anbieter, auf die z.B. \u00fcber Links verwiesen wird, gelten gegebenenfalls andere Bedingungen als in dieser Datenschutzerkl\u00e4rung beschrieben.&nbsp; II. Kontaktdaten des Verantwortlichen Verantwortlich f\u00fcr die Verarbeitung Ihrer personenbezogenen Daten ist der Fachbereich MathematikRheinland-Pf\u00e4lzische Technische Universit\u00e4t Kaiserslautern-LandauGottlieb-Daimler-Stra\u00dfe 4867663 KaiserslauternTel: +49 (0)631\/205-2251Fax: +49 &#8230; <a title=\"Datenschutzerkl\u00e4rung\" class=\"read-more\" href=\"https:\/\/blog.math.rptu.de\/index.php\/datenschutzerklaerung\/\" aria-label=\"Mehr Informationen \u00fcber Datenschutzerkl\u00e4rung\">Weiterlesen<\/a><\/p>\n","protected":false},"author":2,"featured_media":0,"parent":0,"menu_order":0,"comment_status":"closed","ping_status":"closed","template":"","meta":{"footnotes":""},"class_list":["post-145","page","type-page","status-publish"],"_links":{"self":[{"href":"https:\/\/blog.math.rptu.de\/index.php\/wp-json\/wp\/v2\/pages\/145","targetHints":{"allow":["GET"]}}],"collection":[{"href":"https:\/\/blog.math.rptu.de\/index.php\/wp-json\/wp\/v2\/pages"}],"about":[{"href":"https:\/\/blog.math.rptu.de\/index.php\/wp-json\/wp\/v2\/types\/page"}],"author":[{"embeddable":true,"href":"https:\/\/blog.math.rptu.de\/index.php\/wp-json\/wp\/v2\/users\/2"}],"replies":[{"embeddable":true,"href":"https:\/\/blog.math.rptu.de\/index.php\/wp-json\/wp\/v2\/comments?post=145"}],"version-history":[{"count":12,"href":"https:\/\/blog.math.rptu.de\/index.php\/wp-json\/wp\/v2\/pages\/145\/revisions"}],"predecessor-version":[{"id":542,"href":"https:\/\/blog.math.rptu.de\/index.php\/wp-json\/wp\/v2\/pages\/145\/revisions\/542"}],"wp:attachment":[{"href":"https:\/\/blog.math.rptu.de\/index.php\/wp-json\/wp\/v2\/media?parent=145"}],"curies":[{"name":"wp","href":"https:\/\/api.w.org\/{rel}","templated":true}]}}